{"id":78,"date":"2020-08-22T13:20:25","date_gmt":"2020-08-22T18:20:25","guid":{"rendered":"https:\/\/exhibitions.lib.udel.edu\/black-with-a-drop-of-red\/?page_id=78"},"modified":"2020-08-22T14:42:02","modified_gmt":"2020-08-22T19:42:02","slug":"cuban-posters-cuban-subjects","status":"publish","type":"page","link":"https:\/\/exhibitions.lib.udel.edu\/black-with-a-drop-of-red\/home\/cuban-posters-cuban-subjects\/","title":{"rendered":"Cuban Posters \/ Cuban Subjects"},"content":{"rendered":"\n<p>The posters in this section depict iconic aspects of Cuban culture. Two posters reference Cuba\u2019s nineteenth-century history in an effort to draw attention to current issues. Likewise, the five prints collectively titled <em>Chill\u2019ndron <\/em>by the artists\u2019 collective Mamey studio de dise\u00f1o (Mamey Design Studio) reference a traditional Cuban meal of goat meat. Produced in 2016 specifically for this exhibition, Mamey\u2019s prints focus on the intersections between traditional printing processes and contemporary illustration. <\/p>\n\n\n\n<p> <em>&nbsp;[UD_EXHIBITION_ITEM]&nbsp;<\/em><\/p>\n\n\n\n<p class=\"has-text-align-center\">Yaimel L\u00f3pez, <em>designer<\/em><br><strong> H\u00e9roe de culto <br> (Cult Hero) <\/strong><br> Ernesto S\u00e1nchez Vald\u00e9s, <em>director<\/em><br> poster and film 2015<br> silkscreen on paper<br><em> Collection Morri\u00f1a-Men\u00e9ndez<\/em><br><em><br><\/em> This poster illustrates a key element of a short, 2015 film by director Ernesto S\u00e1nchez Vald\u00e9s.  The movie explores the time-honored Cuban tradition of creating busts and statues of Jos\u00e9 Mart\u00ed, Cuba\u2019s National Hero, writer, and advocate for Cuban independence. Today, small mass-produced plastic sculptures multiply Mart\u00ed\u2019s image.<\/p>\n\n\n\n<p> <em>&nbsp;[UD_EXHIBITION_ITEM]&nbsp;<\/em><\/p>\n\n\n\n<p class=\"has-text-align-center\">Claudio Sotolongo, <em>designer<\/em><br><strong> \u2026y vol\u00f3 como Mat\u00edas P\u00e9rez <br> (\u2026and he flew away like Matias P\u00e9rez)<\/strong><br>  2010<br> silkscreen on paper<br><em> Collection Morri\u00f1a-Men\u00e9ndez<\/em><\/p>\n\n\n\n<p class=\"has-text-align-center\"><br> \u201c<em>\u2026y vol\u00f3 como Mat\u00edas P\u00e9rez<\/em>\u201d or \u201che flew away like Matias P\u00e9rez\u201d <br> is a common Cuban expression used to describe someone disappearing quickly or without a trace. In the mid-19th century, P\u00e9rez, a Portuguese merchant and inventor, rose into the sky and disappeared in a hot air balloon in front of thousands of observers. Here Claudio Sotolongo visualizes the phrase but substitutes a paper airplane for the hot air balloon.<br> <br> The poster is a commentary on the risks of migration. The U.S. embargo and the economic crisis in Cuba led to a migration crisis that peaked in 1994 and that has had a sensitive and profound impact on many Cuban families. By 2010, the Cuban migration situation was fragile, yet for those who said goodbye to friends and loved ones it was definitive.<br><br><em> Written by Eileen Symons class of 2021, Art History major with French and Fine Arts minors,  and a Museums Gallery Attendant.<\/em><\/p>\n\n\n\n<p> <em>&nbsp;[UD_EXHIBITION_ITEM]&nbsp;<\/em><\/p>\n\n\n\n<p class=\"has-text-align-center\">Mamey estudio de dise\u00f1o <br> (Mamey Design Studio), <em>designers<\/em><br> <strong>Paper Art Machine<\/strong>, 2016<br> silkscreen on paper<br><em>Collection Morri\u00f1a-Men\u00e9ndez<\/em><\/p>\n\n\n\n<p> <em>&nbsp;[UD_EXHIBITION_ITEM]&nbsp;<\/em><\/p>\n\n\n\n<p class=\"has-text-align-center\">Mamey estudio de dise\u00f1o <br> (Mamey Design Studio), <em>designers<\/em><br> <strong>Chill\u2019ndron<\/strong>, 2016<br> five silkscreen prints on paper<br><em>Collection Morri\u00f1a-Men\u00e9ndez<\/em><\/p>\n\n\n\n<p> <em>&nbsp;[UD_EXHIBITION_ITEM]&nbsp;<\/em><\/p>\n\n\n\n<p class=\"has-text-align-center\">Mamey estudio de dise\u00f1o <br> (Mamey Design Studio), <em>designers<\/em><br> <strong>Chill\u2019ndron<\/strong>, 2016<br> five silkscreen prints on paper<br><em>Collection Morri\u00f1a-Men\u00e9ndez<\/em><\/p>\n\n\n\n<p> <em>&nbsp;[UD_EXHIBITION_ITEM]&nbsp;<\/em><\/p>\n\n\n\n<p class=\"has-text-align-center\">Mamey estudio de dise\u00f1o <br> (Mamey Design Studio), <em>designers<\/em><br> <strong>Chill\u2019ndron<\/strong>, 2016<br> five silkscreen prints on paper<br><em>Collection Morri\u00f1a-Men\u00e9ndez<\/em><\/p>\n\n\n\n<p> <em>&nbsp;[UD_EXHIBITION_ITEM]&nbsp;<\/em><\/p>\n\n\n\n<p class=\"has-text-align-center\">Mamey estudio de dise\u00f1o <br> (Mamey Design Studio), <em>designers<\/em><br> <strong>Chill\u2019ndron<\/strong>, 2016<br> five silkscreen prints on paper<br><em>Collection Morri\u00f1a-Men\u00e9ndez<\/em><\/p>\n\n\n\n<p> <em>&nbsp;[UD_EXHIBITION_ITEM]&nbsp;<\/em><\/p>\n\n\n\n<p class=\"has-text-align-center\">Mamey estudio de dise\u00f1o <br> (Mamey Design Studio), <em>designers<\/em><br> <strong>Chill\u2019ndron<\/strong>, 2016<br> five silkscreen prints on paper<br><em>Collection Morri\u00f1a-Men\u00e9ndez<\/em><\/p>\n","protected":false},"excerpt":{"rendered":"<p>The posters in this section depict iconic aspects of Cuban culture. Two posters reference Cuba\u2019s nineteenth-century history in an effort to draw attention to current issues. Likewise, the five prints collectively titled Chill\u2019ndron by the artists\u2019 collective Mamey studio de dise\u00f1o (Mamey Design Studio) reference a traditional Cuban meal of goat meat. Produced in 2016 [&hellip;]<\/p>\n","protected":false},"author":13,"featured_media":0,"parent":47,"menu_order":3,"comment_status":"closed","ping_status":"closed","template":"page-exhibition.php","meta":{"_acf_changed":false,"footnotes":""},"class_list":["post-78","page","type-page","status-publish","hentry"],"acf":[],"_links":{"self":[{"href":"https:\/\/exhibitions.lib.udel.edu\/black-with-a-drop-of-red\/wp-json\/wp\/v2\/pages\/78"}],"collection":[{"href":"https:\/\/exhibitions.lib.udel.edu\/black-with-a-drop-of-red\/wp-json\/wp\/v2\/pages"}],"about":[{"href":"https:\/\/exhibitions.lib.udel.edu\/black-with-a-drop-of-red\/wp-json\/wp\/v2\/types\/page"}],"author":[{"embeddable":true,"href":"https:\/\/exhibitions.lib.udel.edu\/black-with-a-drop-of-red\/wp-json\/wp\/v2\/users\/13"}],"replies":[{"embeddable":true,"href":"https:\/\/exhibitions.lib.udel.edu\/black-with-a-drop-of-red\/wp-json\/wp\/v2\/comments?post=78"}],"version-history":[{"count":8,"href":"https:\/\/exhibitions.lib.udel.edu\/black-with-a-drop-of-red\/wp-json\/wp\/v2\/pages\/78\/revisions"}],"predecessor-version":[{"id":296,"href":"https:\/\/exhibitions.lib.udel.edu\/black-with-a-drop-of-red\/wp-json\/wp\/v2\/pages\/78\/revisions\/296"}],"up":[{"embeddable":true,"href":"https:\/\/exhibitions.lib.udel.edu\/black-with-a-drop-of-red\/wp-json\/wp\/v2\/pages\/47"}],"wp:attachment":[{"href":"https:\/\/exhibitions.lib.udel.edu\/black-with-a-drop-of-red\/wp-json\/wp\/v2\/media?parent=78"}],"curies":[{"name":"wp","href":"https:\/\/api.w.org\/{rel}","templated":true}]}}