{"id":60,"date":"2025-05-05T15:18:36","date_gmt":"2025-05-05T20:18:36","guid":{"rendered":"https:\/\/exhibitions.lib.udel.edu\/compendium\/?page_id=60"},"modified":"2025-05-06T10:43:45","modified_gmt":"2025-05-06T15:43:45","slug":"home","status":"publish","type":"page","link":"https:\/\/exhibitions.lib.udel.edu\/compendium\/","title":{"rendered":"Home"},"content":{"rendered":"\n<p><em>Compendium<\/em>&nbsp;brings together the work of the 2025 Master of Fine Arts graduates\u2014a dynamic and diverse group of artists from across the globe. Spanning a broad range of media, from traditional painting and ceramics to 3D-printed forms, repurposed technologies, and alternative photographic techniques, the exhibition reflects each artist\u2019s unique journey of inquiry and experimentation. United by a shared moment in time yet shaped by distinct cultural and personal experiences, these works offer fresh perspectives on how we see, feel, and make sense of the world today. <em>Compendium<\/em>&nbsp;is both a celebration of artistic individuality and a collective portrait of a moment defined by complexity, imagination, and transformation.<\/p>\n\n\n\n<h2 class=\"wp-block-heading\">Credits:<\/h2>\n\n\n\n<p class=\"has-white-color has-text-color has-background has-link-color wp-elements-80b83f2a7cbc5f0acd5da53f80e4d328\" style=\"background-color:#00539f\">Guest-curated by Bla\u017eo Kova\u010devi\u0107.\u00a0Featuring MFA artists\u00a0Emmanuel Aboagye, Priya Dave, Abigail Dudley, Candy F. Frimpong, Anna Freeman, Taylor Gordon, Fuku Ito, Yoosef Mohamadi, Arend Neyhouse, Shoshi Rosenstein, Mikhail Shulga and Moones Zeydabadi.<\/p>\n","protected":false},"excerpt":{"rendered":"<p>Compendium&nbsp;brings together the work of the 2025 Master of Fine Arts graduates\u2014a dynamic and diverse group of artists from across the globe. Spanning a broad range of media, from traditional painting and ceramics to 3D-printed forms, repurposed technologies, and alternative photographic techniques, the exhibition reflects each artist\u2019s unique journey of inquiry and experimentation. United by [&hellip;]<\/p>\n","protected":false},"author":15,"featured_media":0,"parent":0,"menu_order":0,"comment_status":"closed","ping_status":"closed","template":"page-exhibition-splash.php","meta":{"_acf_changed":false,"footnotes":""},"class_list":["post-60","page","type-page","status-publish","hentry"],"acf":[],"_links":{"self":[{"href":"https:\/\/exhibitions.lib.udel.edu\/compendium\/wp-json\/wp\/v2\/pages\/60"}],"collection":[{"href":"https:\/\/exhibitions.lib.udel.edu\/compendium\/wp-json\/wp\/v2\/pages"}],"about":[{"href":"https:\/\/exhibitions.lib.udel.edu\/compendium\/wp-json\/wp\/v2\/types\/page"}],"author":[{"embeddable":true,"href":"https:\/\/exhibitions.lib.udel.edu\/compendium\/wp-json\/wp\/v2\/users\/15"}],"replies":[{"embeddable":true,"href":"https:\/\/exhibitions.lib.udel.edu\/compendium\/wp-json\/wp\/v2\/comments?post=60"}],"version-history":[{"count":4,"href":"https:\/\/exhibitions.lib.udel.edu\/compendium\/wp-json\/wp\/v2\/pages\/60\/revisions"}],"predecessor-version":[{"id":68,"href":"https:\/\/exhibitions.lib.udel.edu\/compendium\/wp-json\/wp\/v2\/pages\/60\/revisions\/68"}],"wp:attachment":[{"href":"https:\/\/exhibitions.lib.udel.edu\/compendium\/wp-json\/wp\/v2\/media?parent=60"}],"curies":[{"name":"wp","href":"https:\/\/api.w.org\/{rel}","templated":true}]}}