{"id":288,"date":"2020-01-07T13:09:39","date_gmt":"2020-01-07T18:09:39","guid":{"rendered":"https:\/\/exhibitions.lib.udel.edu\/easter1916\/?page_id=288"},"modified":"2020-04-21T12:03:51","modified_gmt":"2020-04-21T17:03:51","slug":"gaelic-league","status":"publish","type":"page","link":"https:\/\/exhibitions.lib.udel.edu\/easter1916\/home\/gaelic-revival\/gaelic-league\/","title":{"rendered":"Gaelic League"},"content":{"rendered":"\n<p><strong>The Gaelic League (<\/strong><strong>Conradh na Gaeilge)&nbsp;<\/strong>was founded in 1893 to preserve the Gaelic language as Ireland\u2019s national language, especially as a spoken language, and to publish and study Irish language and literature. It was intended to be non-political and non-sectarian, open to all Irish men and women interested in keeping Irish cultural traditions. Most of its members, however, were nationalists, including many of the signatories of the 1916 Proclamation, and it was through the League that many republicans who took part in the 1916 Rising met. Padraig Pearse edited the League\u2019s first newspaper, Michael O\u2019Rahilly\u2019s (known as The O\u2019Rahilly)&nbsp;<em>An Claidheamh Soluis<\/em>&nbsp;(<em>The Sword of Light<\/em>).The League was a powerful force of the Irish cultural revival. Eoin MacNeill\u2019s(1867-1945) push for the League to support the Irish Volunteers in 1915 led to Douglas Hyde\u2019s resignation as president. When Ireland gained independence in 1922, the influence of the Gaelic League waned as the State took on the role of promoting Irish culture.<\/p>\n\n\n\n<p>Gaelic scholar Douglas Hyde (1860-1949) served as the longtime president of the Gaelic League from 1893-1915 and as the first president of Ireland from 1938-1945. His pen name was An Craoibh\u00edn Aoibhinn (\u201cThe Pleasant Little Branch\u201d). In 1901, the Irish Literary Theatre produced Hyde\u2019s&nbsp;<em>Casadh an tSugain&nbsp;<\/em>(\u201cThe Twisting of the Rope\u201d), its first play in Gaelic.<\/p>\n\n\n\n<p><em>[UD_EXHIBITION_ITEM]<\/em>   <em>[UD_EXHIBITION_ITEM]<\/em>   <\/p>\n\n\n\n<p style=\"text-align:center\"><em>D\u00e1nta \u00e9agramhla agus B\u00e9arla curtha ortha<\/em>. Printed for the President of Ireland by Colm O Lochlainn at the Sign of the Three Candles, Dublin, 1943.<\/p>\n\n\n\n<p>Hyde was president of Ireland in 1943. This copy bears&nbsp;<strong>Eamon de Valera\u2019s<\/strong>&nbsp;(president of Ireland from 1959 to 1973) ownership signature. <\/p>\n\n\n\n<p><em>[UD_EXHIBITION_ITEM]<\/em><\/p>\n\n\n\n<p>Writer and journalist P\u00e1draic \u00d3 Conaire (1882-1928) published mainly in Gaelic. Considered the first significant fictional response to the events of the 1916 Rising, this collection of short stories set around the Easter Rising is not strictly romantic nationalist rhetoric. Through stories about very different people and the effects the Rising had on them, \u00d3 Conaire addresses the popular shift in attitude toward Sinn F\u00e9in that led to the party\u2019s overwhelming victory in 1918. \u00d3 Conaire moved through the same circles as many of the revolutionaries, such as Eamonn de Valera and Michael Collins, including the Irish Volunteers and the Gaelic League. <\/p>\n\n\n\n<p><em>[UD_EXHIBITION_ITEM]<\/em><\/p>\n\n\n\n<p style=\"text-align:center\"><strong>Corkery, Daniel<\/strong>. What\u2019s this about the Gaelic League? [Ath Cliath]: Chonnradh na Gaedhilge, 1941.<\/p>\n\n\n\n<p>Professor Daniel Corkery (1878-1964) is best known for his controversial Hidden Ireland (1924), a revisionist account of eighteenth-century Gaelic culture in Munster. He was a leader of the Irish Ireland movement along with D.P. Moran. By the time the Irish Free State had come into being in 1922, many of the Gaelic League\u2019s members had ceased their activities, instead hoping to pass on educational efforts and the preservation of Gaeltachts (Irish-speaking areas) to the new government. The first governing party, Cumann na nGaedheal, reported that it would work with the League, and study of the Irish language was made compulsory in state-funded schools. But by the 1940s, indifference to the language had spread, and the League\u2019s influence was severely diminished. In this pamphlet, Corkery attempts to sway a new generation to the Gaelic League, which, he believes, still has a place in Ireland.<br><\/p>\n","protected":false},"excerpt":{"rendered":"<p>The Gaelic League (Conradh na Gaeilge)&nbsp;was founded in 1893 to preserve the Gaelic language as Ireland\u2019s national language, especially as a spoken language, and to publish and study Irish language and literature. It was intended to be non-political and non-sectarian, open to all Irish men and women interested in keeping Irish cultural traditions. Most of [&hellip;]<\/p>\n","protected":false},"author":8,"featured_media":0,"parent":277,"menu_order":0,"comment_status":"closed","ping_status":"closed","template":"page-exhibition.php","meta":{"_acf_changed":false,"footnotes":""},"class_list":["post-288","page","type-page","status-publish","hentry"],"acf":[],"_links":{"self":[{"href":"https:\/\/exhibitions.lib.udel.edu\/easter1916\/wp-json\/wp\/v2\/pages\/288"}],"collection":[{"href":"https:\/\/exhibitions.lib.udel.edu\/easter1916\/wp-json\/wp\/v2\/pages"}],"about":[{"href":"https:\/\/exhibitions.lib.udel.edu\/easter1916\/wp-json\/wp\/v2\/types\/page"}],"author":[{"embeddable":true,"href":"https:\/\/exhibitions.lib.udel.edu\/easter1916\/wp-json\/wp\/v2\/users\/8"}],"replies":[{"embeddable":true,"href":"https:\/\/exhibitions.lib.udel.edu\/easter1916\/wp-json\/wp\/v2\/comments?post=288"}],"version-history":[{"count":14,"href":"https:\/\/exhibitions.lib.udel.edu\/easter1916\/wp-json\/wp\/v2\/pages\/288\/revisions"}],"predecessor-version":[{"id":469,"href":"https:\/\/exhibitions.lib.udel.edu\/easter1916\/wp-json\/wp\/v2\/pages\/288\/revisions\/469"}],"up":[{"embeddable":true,"href":"https:\/\/exhibitions.lib.udel.edu\/easter1916\/wp-json\/wp\/v2\/pages\/277"}],"wp:attachment":[{"href":"https:\/\/exhibitions.lib.udel.edu\/easter1916\/wp-json\/wp\/v2\/media?parent=288"}],"curies":[{"name":"wp","href":"https:\/\/api.w.org\/{rel}","templated":true}]}}